{"id":18,"date":"2025-09-18T18:27:25","date_gmt":"2025-09-18T18:27:25","guid":{"rendered":"http:\/\/gigaphone.fr\/?page_id=18"},"modified":"2026-03-18T14:49:22","modified_gmt":"2026-03-18T14:49:22","slug":"simples-precheurs","status":"publish","type":"page","link":"https:\/\/gigaphone.fr\/?page_id=18","title":{"rendered":"Simples P(r)\u00eacheurs"},"content":{"rendered":"\n<figure class=\"wp-block-image size-large\"><img loading=\"lazy\" decoding=\"async\" width=\"1024\" height=\"683\" src=\"http:\/\/gigaphone.fr\/wp-content\/uploads\/2025\/09\/Gigaphone-1-com\u00a9LauraSeveri-1024x683.jpg\" alt=\"\" class=\"wp-image-20\" srcset=\"https:\/\/gigaphone.fr\/wp-content\/uploads\/2025\/09\/Gigaphone-1-com\u00a9LauraSeveri-1024x683.jpg 1024w, https:\/\/gigaphone.fr\/wp-content\/uploads\/2025\/09\/Gigaphone-1-com\u00a9LauraSeveri-300x200.jpg 300w, https:\/\/gigaphone.fr\/wp-content\/uploads\/2025\/09\/Gigaphone-1-com\u00a9LauraSeveri-768x512.jpg 768w, https:\/\/gigaphone.fr\/wp-content\/uploads\/2025\/09\/Gigaphone-1-com\u00a9LauraSeveri.jpg 1500w\" sizes=\"auto, (max-width: 1024px) 100vw, 1024px\" \/><figcaption class=\"wp-element-caption\"><em>(c) Laura Severi<\/em><\/figcaption><\/figure>\n\n\n\n<p class=\"has-ibm-plex-mono-font-family\">Entre sandwich au thon, \u00e9coterrorisme et Tchekhov, <br>une narratrice raconte l\u2019histoire de Jeanne et No\u00e9, <br>deux p\u00eacheuses qui, apr\u00e8s une rencontre quasi divine, <br>ont envie de changer le monde. <br>Ou plus modestement, ont envie de sauver leur petit village de Sainte-Sandrine.<\/p>\n\n\n\n<p class=\"has-text-color has-link-color has-ibm-plex-mono-font-family has-medium-font-size wp-elements-c5934b10cc6f4fc162ee83700ed1f2bc\" style=\"color:#ff8c8c\"><strong>Prochaines dates : <a href=\"https:\/\/gigaphone.fr\/?page_id=2\" data-type=\"link\" data-id=\"https:\/\/www.nouveaustudiotheatre.com\/simples-p-r-echeurs\" target=\"_blank\" rel=\"noreferrer noopener\">ici<\/a><\/strong><\/p>\n","protected":false},"excerpt":{"rendered":"<p>Entre sandwich au thon, \u00e9coterrorisme et Tchekhov, une narratrice raconte l\u2019histoire de Jeanne et No\u00e9, deux p\u00eacheuses qui, apr\u00e8s une rencontre quasi divine, ont envie de changer le monde. Ou plus modestement, ont envie de sauver leur petit village de Sainte-Sandrine. Prochaines dates : ici<\/p>\n","protected":false},"author":1,"featured_media":0,"parent":0,"menu_order":0,"comment_status":"closed","ping_status":"closed","template":"","meta":{"footnotes":""},"class_list":["post-18","page","type-page","status-publish","hentry"],"_links":{"self":[{"href":"https:\/\/gigaphone.fr\/index.php?rest_route=\/wp\/v2\/pages\/18","targetHints":{"allow":["GET"]}}],"collection":[{"href":"https:\/\/gigaphone.fr\/index.php?rest_route=\/wp\/v2\/pages"}],"about":[{"href":"https:\/\/gigaphone.fr\/index.php?rest_route=\/wp\/v2\/types\/page"}],"author":[{"embeddable":true,"href":"https:\/\/gigaphone.fr\/index.php?rest_route=\/wp\/v2\/users\/1"}],"replies":[{"embeddable":true,"href":"https:\/\/gigaphone.fr\/index.php?rest_route=%2Fwp%2Fv2%2Fcomments&post=18"}],"version-history":[{"count":6,"href":"https:\/\/gigaphone.fr\/index.php?rest_route=\/wp\/v2\/pages\/18\/revisions"}],"predecessor-version":[{"id":93,"href":"https:\/\/gigaphone.fr\/index.php?rest_route=\/wp\/v2\/pages\/18\/revisions\/93"}],"wp:attachment":[{"href":"https:\/\/gigaphone.fr\/index.php?rest_route=%2Fwp%2Fv2%2Fmedia&parent=18"}],"curies":[{"name":"wp","href":"https:\/\/api.w.org\/{rel}","templated":true}]}}