{"id":2,"date":"2025-09-18T09:59:41","date_gmt":"2025-09-18T09:59:41","guid":{"rendered":"http:\/\/gigaphone.fr\/?page_id=2"},"modified":"2026-03-30T08:41:19","modified_gmt":"2026-03-30T08:41:19","slug":"sample-page","status":"publish","type":"page","link":"https:\/\/gigaphone.fr\/?page_id=2","title":{"rendered":"Dates&#8230;"},"content":{"rendered":"\n<p class=\"has-text-color has-link-color has-ibm-plex-mono-font-family wp-elements-1e85bed455df48785d94d665485f47c7\" style=\"color:#96f21d;font-style:normal;font-weight:300\"><strong>&#8230; \u00e0 venir<\/strong><\/p>\n\n\n\n<p class=\"has-ibm-plex-mono-font-family\"><strong>Simples P(r)\u00eacheurs<\/strong><\/p>\n\n\n\n<blockquote class=\"wp-block-quote is-layout-flow wp-block-quote-is-layout-flow\">\n<p class=\"has-contrast-color has-text-color has-link-color has-ibm-plex-mono-font-family wp-elements-53bea1d8de3947646132bc14998afa27\">14 Avril 2026<br>-&gt; \u00e0 la <a href=\"https:\/\/www.instagram.com\/la.parenthese.bb\/\" target=\"_blank\" rel=\"noreferrer noopener\">Parenth\u00e8se<\/a>, Angers <\/p>\n<\/blockquote>\n\n\n\n<p class=\"has-ibm-plex-mono-font-family\"><br><strong>Un faible degr\u00e9 d&#8217;originalit\u00e9<\/strong><\/p>\n\n\n\n<blockquote class=\"wp-block-quote is-layout-flow wp-block-quote-is-layout-flow\">\n<p class=\"has-contrast-color has-text-color has-link-color has-ibm-plex-mono-font-family wp-elements-bf0b3a0b8eb8684eb7abc6be6530fdb4\">2026<br>-&gt; partout en France, peut-\u00eatre <a href=\"https:\/\/gigaphone.fr\/?page_id=46\" data-type=\"page\" data-id=\"46\" target=\"_blank\" rel=\"noreferrer noopener\">chez vous<\/a> ?<br><br>10 Avril 2026<br>-&gt; chez l&#8217;habitant, quartier Ste-Th\u00e9r\u00e8se, Nantes<br>\u00e9crivez-nous pour en savoir plus !<\/p>\n<\/blockquote>\n\n\n\n<p class=\"has-text-color has-link-color has-ibm-plex-mono-font-family wp-elements-57b3119f49c75aa40ff2d6ad1e76b04d\" style=\"color:#ff00d9;font-style:normal;font-weight:300\"><br>&#8230; pass\u00e9es<\/p>\n\n\n\n<p class=\"has-ibm-plex-mono-font-family\"><strong>Simples P(r)\u00eacheurs<\/strong><\/p>\n\n\n\n<blockquote class=\"wp-block-quote is-layout-flow wp-block-quote-is-layout-flow\">\n<p class=\"has-contrast-color has-text-color has-link-color has-ibm-plex-mono-font-family wp-elements-36d33ebc5409396afbe8eb994d194c7c\">Mai 2023<br>(Maquette) -> Festival Fauves, au Tu-Nantes, Nantes<br><br>Avril 2024<br>(Maquette) -> Festival du Taille-vent, Pless\u00e9 (44)<br><br>Avril 2025<br>(Maquette) -> Th\u00e9\u00e2tre du Point rouge, Divatte-sur-Loire (44)<br><br>D\u00e9cembre 2025<br>-> au <a href=\"https:\/\/www.nouveaustudiotheatre.com\/simples-p-r-echeurs\" data-type=\"link\" data-id=\"https:\/\/www.nouveaustudiotheatre.com\/simples-p-r-echeurs\" target=\"_blank\" rel=\"noreferrer noopener\">Nouveau Studio Th\u00e9\u00e2tre<\/a>, Nantes<br><br>Mars 2026<br>-> au <a href=\"https:\/\/www.bassinesnonmerci.fr\/non-classe\/2026\/02\/12\/sainte-soline-3-ans-apres-ca-se-passe-du-26-au-28-mars\/\" data-type=\"link\" data-id=\"https:\/\/www.bassinesnonmerci.fr\/non-classe\/2026\/02\/12\/sainte-soline-3-ans-apres-ca-se-passe-du-26-au-28-mars\/\" target=\"_blank\" rel=\"noreferrer noopener\">Metullum<\/a>, Melle (79)<\/p>\n<\/blockquote>\n\n\n\n<p class=\"has-ibm-plex-mono-font-family\"><br><strong>Un faible degr\u00e9 d&#8217;originalit\u00e9<\/strong><\/p>\n\n\n\n<blockquote class=\"wp-block-quote is-layout-flow wp-block-quote-is-layout-flow\">\n<p class=\"has-ibm-plex-mono-font-family\">Octobre 2023 <br>-&gt; au Th\u00e9\u00e2tre de la rue de Belleville, Nantes<br><br>Avril 2024<br>-&gt; au TU-Nantes, Nantes<br><br>Novembre 2024<br>-&gt; au Krapo Roy, Nantes<br><br>Mars 2025<br>-&gt; \u00e0 la Ruche, Nantes<br><br>Mai 2025<br>-&gt; au Pas de c\u00f4t\u00e9, La Chapelle-Thouarault (35)<br><br>Ao\u00fbt 2025<br>-&gt; \u00e0 la G\u00e8de aux Livres, Batz-sur-mer<\/p>\n<\/blockquote>\n\n\n\n<p class=\"has-ibm-plex-mono-font-family\"><br><strong>L&#8217;AN 01<\/strong><\/p>\n\n\n\n<blockquote class=\"wp-block-quote is-layout-flow wp-block-quote-is-layout-flow\">\n<p class=\"has-ibm-plex-mono-font-family\">Juin 2023<br>-&gt; au Th\u00e9\u00e2tre de la rue de Belleville, Nantes<br><br>Septembre 2024<br>-&gt; \u00e0 la F\u00eate des possibles, Mauges-sur-Loire (49)<br><br>Octobre 2024<br>-&gt; au Festival Fauves, TU-Nantes, Nantes<br><\/p>\n<\/blockquote>\n","protected":false},"excerpt":{"rendered":"<p>&#8230; \u00e0 venir Simples P(r)\u00eacheurs 14 Avril 2026-&gt; \u00e0 la Parenth\u00e8se, Angers Un faible degr\u00e9 d&#8217;originalit\u00e9 2026-&gt; partout en France, peut-\u00eatre chez vous ? 10 Avril 2026-&gt; chez l&#8217;habitant, quartier Ste-Th\u00e9r\u00e8se, Nantes\u00e9crivez-nous pour en savoir plus ! &#8230; pass\u00e9es Simples P(r)\u00eacheurs Mai 2023(Maquette) -> Festival Fauves, au Tu-Nantes, Nantes Avril 2024(Maquette) -> Festival du Taille-vent, [&hellip;]<\/p>\n","protected":false},"author":1,"featured_media":0,"parent":0,"menu_order":0,"comment_status":"closed","ping_status":"open","template":"","meta":{"footnotes":""},"class_list":["post-2","page","type-page","status-publish","hentry"],"_links":{"self":[{"href":"https:\/\/gigaphone.fr\/index.php?rest_route=\/wp\/v2\/pages\/2","targetHints":{"allow":["GET"]}}],"collection":[{"href":"https:\/\/gigaphone.fr\/index.php?rest_route=\/wp\/v2\/pages"}],"about":[{"href":"https:\/\/gigaphone.fr\/index.php?rest_route=\/wp\/v2\/types\/page"}],"author":[{"embeddable":true,"href":"https:\/\/gigaphone.fr\/index.php?rest_route=\/wp\/v2\/users\/1"}],"replies":[{"embeddable":true,"href":"https:\/\/gigaphone.fr\/index.php?rest_route=%2Fwp%2Fv2%2Fcomments&post=2"}],"version-history":[{"count":13,"href":"https:\/\/gigaphone.fr\/index.php?rest_route=\/wp\/v2\/pages\/2\/revisions"}],"predecessor-version":[{"id":102,"href":"https:\/\/gigaphone.fr\/index.php?rest_route=\/wp\/v2\/pages\/2\/revisions\/102"}],"wp:attachment":[{"href":"https:\/\/gigaphone.fr\/index.php?rest_route=%2Fwp%2Fv2%2Fmedia&parent=2"}],"curies":[{"name":"wp","href":"https:\/\/api.w.org\/{rel}","templated":true}]}}